{"id":678,"date":"2021-07-26T01:11:49","date_gmt":"2021-07-26T01:11:49","guid":{"rendered":"https:\/\/www.sergioperal.com\/?page_id=678"},"modified":"2024-02-05T13:03:37","modified_gmt":"2024-02-05T13:03:37","slug":"n-o-t-i-c-i-a-s","status":"publish","type":"page","link":"https:\/\/www.sergioperal.com\/index.php\/n-o-t-i-c-i-a-s\/","title":{"rendered":"N o t i c i a s"},"content":{"rendered":"\n<div class=\"wp-block-media-text alignwide is-stacked-on-mobile\" style=\"grid-template-columns:54% auto\"><figure class=\"wp-block-media-text__media\"><img loading=\"lazy\" decoding=\"async\" width=\"1024\" height=\"576\" src=\"https:\/\/www.sergioperal.com\/wp-content\/uploads\/2021\/07\/Killer-19-C-1lrojo2e-7j55-mask-ima1fcjsinecoBN-Killer-ojo-1-1024x576.jpg\" alt=\"\" class=\"wp-image-569 size-full\" srcset=\"https:\/\/www.sergioperal.com\/wp-content\/uploads\/2021\/07\/Killer-19-C-1lrojo2e-7j55-mask-ima1fcjsinecoBN-Killer-ojo-1-1024x576.jpg 1024w, https:\/\/www.sergioperal.com\/wp-content\/uploads\/2021\/07\/Killer-19-C-1lrojo2e-7j55-mask-ima1fcjsinecoBN-Killer-ojo-1-300x169.jpg 300w, https:\/\/www.sergioperal.com\/wp-content\/uploads\/2021\/07\/Killer-19-C-1lrojo2e-7j55-mask-ima1fcjsinecoBN-Killer-ojo-1-768x432.jpg 768w, https:\/\/www.sergioperal.com\/wp-content\/uploads\/2021\/07\/Killer-19-C-1lrojo2e-7j55-mask-ima1fcjsinecoBN-Killer-ojo-1-1536x864.jpg 1536w, https:\/\/www.sergioperal.com\/wp-content\/uploads\/2021\/07\/Killer-19-C-1lrojo2e-7j55-mask-ima1fcjsinecoBN-Killer-ojo-1-1800x1013.jpg 1800w, https:\/\/www.sergioperal.com\/wp-content\/uploads\/2021\/07\/Killer-19-C-1lrojo2e-7j55-mask-ima1fcjsinecoBN-Killer-ojo-1.jpg 1920w\" sizes=\"auto, (max-width: 1024px) 100vw, 1024px\" \/><\/figure><div class=\"wp-block-media-text__content\">\n<h2 class=\"wp-block-heading has-small-font-size\"><strong>CORTO EN POSPRODUCCI\u00d3N<\/strong><\/h2>\n\n\n\n<p>El nuevo proyecto en cine HD se encuentra en per\u00edodo de posproducci\u00f3n. Se espera que el cortometraje sea estrenado pr\u00f3ximamente.<\/p>\n<\/div><\/div>\n\n\n\n<p><\/p>\n\n\n\n<p><\/p>\n\n\n\n<p><\/p>\n\n\n\n<p><\/p>\n\n\n\n<p><\/p>\n\n\n\n<p><\/p>\n","protected":false},"excerpt":{"rendered":"<p>CORTO EN POSPRODUCCI\u00d3N El nuevo proyecto en cine HD se encuentra en per\u00edodo de posproducci\u00f3n. Se espera que el cortometraje sea estrenado pr\u00f3ximamente.<\/p>\n","protected":false},"author":1,"featured_media":0,"parent":0,"menu_order":0,"comment_status":"closed","ping_status":"closed","template":"","meta":{"footnotes":""},"class_list":["post-678","page","type-page","status-publish","hentry"],"_links":{"self":[{"href":"https:\/\/www.sergioperal.com\/index.php\/wp-json\/wp\/v2\/pages\/678","targetHints":{"allow":["GET"]}}],"collection":[{"href":"https:\/\/www.sergioperal.com\/index.php\/wp-json\/wp\/v2\/pages"}],"about":[{"href":"https:\/\/www.sergioperal.com\/index.php\/wp-json\/wp\/v2\/types\/page"}],"author":[{"embeddable":true,"href":"https:\/\/www.sergioperal.com\/index.php\/wp-json\/wp\/v2\/users\/1"}],"replies":[{"embeddable":true,"href":"https:\/\/www.sergioperal.com\/index.php\/wp-json\/wp\/v2\/comments?post=678"}],"version-history":[{"count":18,"href":"https:\/\/www.sergioperal.com\/index.php\/wp-json\/wp\/v2\/pages\/678\/revisions"}],"predecessor-version":[{"id":1521,"href":"https:\/\/www.sergioperal.com\/index.php\/wp-json\/wp\/v2\/pages\/678\/revisions\/1521"}],"wp:attachment":[{"href":"https:\/\/www.sergioperal.com\/index.php\/wp-json\/wp\/v2\/media?parent=678"}],"curies":[{"name":"wp","href":"https:\/\/api.w.org\/{rel}","templated":true}]}}