{"id":564,"date":"2021-07-25T17:00:22","date_gmt":"2021-07-25T17:00:22","guid":{"rendered":"https:\/\/www.sergioperal.com\/?page_id=564"},"modified":"2024-05-08T12:26:50","modified_gmt":"2024-05-08T12:26:50","slug":"a-p-r-o-v-e-c-h-a-e-l-m-o-m-e-n-t-o-copy-copy-2","status":"publish","type":"page","link":"https:\/\/www.sergioperal.com\/index.php\/a-p-r-o-v-e-c-h-a-e-l-m-o-m-e-n-t-o-copy-copy-2\/","title":{"rendered":"P u b l i c a c i o n e s"},"content":{"rendered":"\n<figure class=\"wp-block-image size-large\"><img loading=\"lazy\" decoding=\"async\" width=\"1024\" height=\"456\" src=\"https:\/\/www.sergioperal.com\/wp-content\/uploads\/2023\/05\/9788418388835_CUBIERTA_KUBRICK_TOTAL._DE_PSPICOSIS_A_STAR_WARS_page-0001-1-1024x456.jpg\" alt=\"\" class=\"wp-image-1398\" srcset=\"https:\/\/www.sergioperal.com\/wp-content\/uploads\/2023\/05\/9788418388835_CUBIERTA_KUBRICK_TOTAL._DE_PSPICOSIS_A_STAR_WARS_page-0001-1-1024x456.jpg 1024w, https:\/\/www.sergioperal.com\/wp-content\/uploads\/2023\/05\/9788418388835_CUBIERTA_KUBRICK_TOTAL._DE_PSPICOSIS_A_STAR_WARS_page-0001-1-300x134.jpg 300w, https:\/\/www.sergioperal.com\/wp-content\/uploads\/2023\/05\/9788418388835_CUBIERTA_KUBRICK_TOTAL._DE_PSPICOSIS_A_STAR_WARS_page-0001-1-768x342.jpg 768w, https:\/\/www.sergioperal.com\/wp-content\/uploads\/2023\/05\/9788418388835_CUBIERTA_KUBRICK_TOTAL._DE_PSPICOSIS_A_STAR_WARS_page-0001-1-1536x684.jpg 1536w, https:\/\/www.sergioperal.com\/wp-content\/uploads\/2023\/05\/9788418388835_CUBIERTA_KUBRICK_TOTAL._DE_PSPICOSIS_A_STAR_WARS_page-0001-1-2048x913.jpg 2048w, https:\/\/www.sergioperal.com\/wp-content\/uploads\/2023\/05\/9788418388835_CUBIERTA_KUBRICK_TOTAL._DE_PSPICOSIS_A_STAR_WARS_page-0001-1-2000x891.jpg 2000w, https:\/\/www.sergioperal.com\/wp-content\/uploads\/2023\/05\/9788418388835_CUBIERTA_KUBRICK_TOTAL._DE_PSPICOSIS_A_STAR_WARS_page-0001-1-1800x802.jpg 1800w\" sizes=\"auto, (max-width: 1024px) 100vw, 1024px\" \/><\/figure>\n\n\n\n<div class=\"wp-block-media-text alignwide is-stacked-on-mobile\" style=\"grid-template-columns:54% auto\"><figure class=\"wp-block-media-text__media\"><a href=\"https:\/\/www.sergioperal.com\/wp-content\/uploads\/2023\/04\/9788418388835_CUBIERTA_KUBRICK_TOTAL._DE_PSPICOSIS_A_STAR_WARS-1_page-0001-scaled.jpg\"><img loading=\"lazy\" decoding=\"async\" width=\"1024\" height=\"456\" src=\"https:\/\/www.sergioperal.com\/wp-content\/uploads\/2023\/04\/9788418388835_CUBIERTA_KUBRICK_TOTAL._DE_PSPICOSIS_A_STAR_WARS-1_page-0001-1024x456.jpg\" alt=\"\" class=\"wp-image-1387 size-full\" srcset=\"https:\/\/www.sergioperal.com\/wp-content\/uploads\/2023\/04\/9788418388835_CUBIERTA_KUBRICK_TOTAL._DE_PSPICOSIS_A_STAR_WARS-1_page-0001-1024x456.jpg 1024w, https:\/\/www.sergioperal.com\/wp-content\/uploads\/2023\/04\/9788418388835_CUBIERTA_KUBRICK_TOTAL._DE_PSPICOSIS_A_STAR_WARS-1_page-0001-300x134.jpg 300w, https:\/\/www.sergioperal.com\/wp-content\/uploads\/2023\/04\/9788418388835_CUBIERTA_KUBRICK_TOTAL._DE_PSPICOSIS_A_STAR_WARS-1_page-0001-768x342.jpg 768w, https:\/\/www.sergioperal.com\/wp-content\/uploads\/2023\/04\/9788418388835_CUBIERTA_KUBRICK_TOTAL._DE_PSPICOSIS_A_STAR_WARS-1_page-0001-1536x684.jpg 1536w, https:\/\/www.sergioperal.com\/wp-content\/uploads\/2023\/04\/9788418388835_CUBIERTA_KUBRICK_TOTAL._DE_PSPICOSIS_A_STAR_WARS-1_page-0001-2048x913.jpg 2048w, https:\/\/www.sergioperal.com\/wp-content\/uploads\/2023\/04\/9788418388835_CUBIERTA_KUBRICK_TOTAL._DE_PSPICOSIS_A_STAR_WARS-1_page-0001-2000x891.jpg 2000w, https:\/\/www.sergioperal.com\/wp-content\/uploads\/2023\/04\/9788418388835_CUBIERTA_KUBRICK_TOTAL._DE_PSPICOSIS_A_STAR_WARS-1_page-0001-1800x802.jpg 1800w\" sizes=\"auto, (max-width: 1024px) 100vw, 1024px\" \/><\/a><\/figure><div class=\"wp-block-media-text__content\">\n<h3 class=\"wp-block-heading has-small-font-size\"><strong>El LIBRO YA EST\u00c1 A LA VENTA <\/strong><\/h3>\n\n\n\n<p>La investigaci\u00f3n cinematogr\u00e1fica del autor sobre la metamorfosis del cine estadounidense durante la segunda mitad del siglo XX, realizada entre los a\u00f1os 2013 y 2023, se ha visto plasmada con la publicaci\u00f3n de un libro editado por S\u00edlex Ediciones, una de las editoriales m\u00e1s prestigiosas del panorama literario espa\u00f1ol seg\u00fan el SPI de 2018. El libro titulado, Kubrick total: C\u00f3mo cambi\u00f3 el rumbo del cine de Hollywood (2023), sali\u00f3 a la venta el 26 de abril.<\/p>\n\n\n\n<p><\/p>\n\n\n\n<p><\/p>\n\n\n\n<p><\/p>\n\n\n\n<p><\/p>\n\n\n\n<p><\/p>\n<\/div><\/div>\n","protected":false},"excerpt":{"rendered":"<p>El LIBRO YA EST\u00c1 A LA VENTA La investigaci\u00f3n cinematogr\u00e1fica del autor sobre la metamorfosis del cine estadounidense durante la segunda mitad del siglo XX, realizada entre los a\u00f1os 2013 y 2023, se ha visto plasmada con la publicaci\u00f3n de un libro editado por S\u00edlex Ediciones, una de las editoriales m\u00e1s prestigiosas del panorama literario &hellip; <\/p>\n<p class=\"link-more\"><a href=\"https:\/\/www.sergioperal.com\/index.php\/a-p-r-o-v-e-c-h-a-e-l-m-o-m-e-n-t-o-copy-copy-2\/\" class=\"more-link\">Leer m\u00e1s<span class=\"screen-reader-text\"> \u00abP u b l i c a c i o n e s\u00bb<\/span><\/a><\/p>\n","protected":false},"author":1,"featured_media":0,"parent":0,"menu_order":0,"comment_status":"closed","ping_status":"closed","template":"","meta":{"footnotes":""},"class_list":["post-564","page","type-page","status-publish","hentry"],"_links":{"self":[{"href":"https:\/\/www.sergioperal.com\/index.php\/wp-json\/wp\/v2\/pages\/564","targetHints":{"allow":["GET"]}}],"collection":[{"href":"https:\/\/www.sergioperal.com\/index.php\/wp-json\/wp\/v2\/pages"}],"about":[{"href":"https:\/\/www.sergioperal.com\/index.php\/wp-json\/wp\/v2\/types\/page"}],"author":[{"embeddable":true,"href":"https:\/\/www.sergioperal.com\/index.php\/wp-json\/wp\/v2\/users\/1"}],"replies":[{"embeddable":true,"href":"https:\/\/www.sergioperal.com\/index.php\/wp-json\/wp\/v2\/comments?post=564"}],"version-history":[{"count":40,"href":"https:\/\/www.sergioperal.com\/index.php\/wp-json\/wp\/v2\/pages\/564\/revisions"}],"predecessor-version":[{"id":1535,"href":"https:\/\/www.sergioperal.com\/index.php\/wp-json\/wp\/v2\/pages\/564\/revisions\/1535"}],"wp:attachment":[{"href":"https:\/\/www.sergioperal.com\/index.php\/wp-json\/wp\/v2\/media?parent=564"}],"curies":[{"name":"wp","href":"https:\/\/api.w.org\/{rel}","templated":true}]}}