{"id":272,"date":"2021-08-02T09:48:36","date_gmt":"2021-08-02T09:48:36","guid":{"rendered":"https:\/\/www.sergioperal.com\/?page_id=272"},"modified":"2024-12-26T20:57:34","modified_gmt":"2024-12-26T20:57:34","slug":"a-p-r-o-v-e-c-h-a-e-l-m-o-m-e-n-t-o-copy-7","status":"publish","type":"page","link":"https:\/\/www.sergioperal.com\/index.php\/a-p-r-o-v-e-c-h-a-e-l-m-o-m-e-n-t-o-copy-7\/","title":{"rendered":"Killer 19-C"},"content":{"rendered":"\n<div class=\"wp-block-media-text alignwide is-stacked-on-mobile is-vertically-aligned-center\" style=\"grid-template-columns:65% auto\"><figure class=\"wp-block-media-text__media\"><a href=\"https:\/\/vimeo.com\/manage\/videos\/1004114667\"><img loading=\"lazy\" decoding=\"async\" width=\"1024\" height=\"576\" src=\"https:\/\/www.sergioperal.com\/wp-content\/uploads\/2022\/11\/Killer-19C.-Imagen-fija015-1-1024x576.png\" alt=\"\" class=\"wp-image-1238 size-full\" srcset=\"https:\/\/www.sergioperal.com\/wp-content\/uploads\/2022\/11\/Killer-19C.-Imagen-fija015-1-1024x576.png 1024w, https:\/\/www.sergioperal.com\/wp-content\/uploads\/2022\/11\/Killer-19C.-Imagen-fija015-1-300x169.png 300w, https:\/\/www.sergioperal.com\/wp-content\/uploads\/2022\/11\/Killer-19C.-Imagen-fija015-1-768x432.png 768w, https:\/\/www.sergioperal.com\/wp-content\/uploads\/2022\/11\/Killer-19C.-Imagen-fija015-1-1536x864.png 1536w, https:\/\/www.sergioperal.com\/wp-content\/uploads\/2022\/11\/Killer-19C.-Imagen-fija015-1-1800x1013.png 1800w, https:\/\/www.sergioperal.com\/wp-content\/uploads\/2022\/11\/Killer-19C.-Imagen-fija015-1-1600x900.png 1600w, https:\/\/www.sergioperal.com\/wp-content\/uploads\/2022\/11\/Killer-19C.-Imagen-fija015-1.png 1920w\" sizes=\"auto, (max-width: 1024px) 100vw, 1024px\" \/><\/a><\/figure><div class=\"wp-block-media-text__content\">\n<h3 class=\"wp-block-heading has-small-font-size\">EQUIPO ART\u00cdSTICO<\/h3>\n\n\n\n<p>Interpretado por Ele P. Serrano y S. Peral                                                                     <\/p>\n\n\n\n<h3 class=\"wp-block-heading has-small-font-size\">EQUIPO T\u00c9CNICO<\/h3>\n\n\n\n<p>Escrito, dirigido y editado por Sergio Peral, Producido por Eleuterio Peral Serrano y Sergio Peral, Fotograf\u00eda: Sergio Peral, Supervisi\u00f3n de sonido y mezcla: Jos\u00e9 Tom\u00e9, Vestuario y maquillaje: Cristina Peral y Catalina S\u00e1nchez, Edici\u00f3n de m\u00fasica, Efectos ani., VFX y SFX: Sergio Peral, Producci\u00f3n: P E R A L c o m<\/p>\n\n\n\n<p class=\"has-text-align-left\">Pa\u00eds: Espa\u00f1a, G\u00e9nero: Thriller Fant\u00e1stico, Sonido: Est\u00e9reo, 5.1 Surround, Resoluci\u00f3n y Formato: 1998&#215;1080, Aspect ratio 1.85:1 <\/p>\n\n\n\n<p style=\"font-size:11px\"><em><strong>Para ver el Tr\u00e1iler pulsa sobre la imagen<\/strong><\/em><\/p>\n<\/div><\/div>\n\n\n\n<p><\/p>\n","protected":false},"excerpt":{"rendered":"<p>EQUIPO ART\u00cdSTICO Interpretado por Ele P. Serrano y S. Peral EQUIPO T\u00c9CNICO Escrito, dirigido y editado por Sergio Peral, Producido por Eleuterio Peral Serrano y Sergio Peral, Fotograf\u00eda: Sergio Peral, Supervisi\u00f3n de sonido y mezcla: Jos\u00e9 Tom\u00e9, Vestuario y maquillaje: Cristina Peral y Catalina S\u00e1nchez, Edici\u00f3n de m\u00fasica, Efectos ani., VFX y SFX: Sergio Peral, &hellip; <\/p>\n<p class=\"link-more\"><a href=\"https:\/\/www.sergioperal.com\/index.php\/a-p-r-o-v-e-c-h-a-e-l-m-o-m-e-n-t-o-copy-7\/\" class=\"more-link\">Leer m\u00e1s<span class=\"screen-reader-text\"> \u00abKiller 19-C\u00bb<\/span><\/a><\/p>\n","protected":false},"author":1,"featured_media":0,"parent":0,"menu_order":0,"comment_status":"closed","ping_status":"closed","template":"","meta":{"footnotes":""},"class_list":["post-272","page","type-page","status-publish","hentry"],"_links":{"self":[{"href":"https:\/\/www.sergioperal.com\/index.php\/wp-json\/wp\/v2\/pages\/272","targetHints":{"allow":["GET"]}}],"collection":[{"href":"https:\/\/www.sergioperal.com\/index.php\/wp-json\/wp\/v2\/pages"}],"about":[{"href":"https:\/\/www.sergioperal.com\/index.php\/wp-json\/wp\/v2\/types\/page"}],"author":[{"embeddable":true,"href":"https:\/\/www.sergioperal.com\/index.php\/wp-json\/wp\/v2\/users\/1"}],"replies":[{"embeddable":true,"href":"https:\/\/www.sergioperal.com\/index.php\/wp-json\/wp\/v2\/comments?post=272"}],"version-history":[{"count":73,"href":"https:\/\/www.sergioperal.com\/index.php\/wp-json\/wp\/v2\/pages\/272\/revisions"}],"predecessor-version":[{"id":1693,"href":"https:\/\/www.sergioperal.com\/index.php\/wp-json\/wp\/v2\/pages\/272\/revisions\/1693"}],"wp:attachment":[{"href":"https:\/\/www.sergioperal.com\/index.php\/wp-json\/wp\/v2\/media?parent=272"}],"curies":[{"name":"wp","href":"https:\/\/api.w.org\/{rel}","templated":true}]}}