{"id":1565,"date":"2024-06-14T11:04:35","date_gmt":"2024-06-14T11:04:35","guid":{"rendered":"https:\/\/www.sergioperal.com\/?page_id=1565"},"modified":"2024-06-14T12:47:25","modified_gmt":"2024-06-14T12:47:25","slug":"n-o-t-i-c-i-a-s-3","status":"publish","type":"page","link":"https:\/\/www.sergioperal.com\/index.php\/n-o-t-i-c-i-a-s-3\/","title":{"rendered":"N o t i c i a s"},"content":{"rendered":"\n<div class=\"wp-block-group\"><div class=\"wp-block-group__inner-container is-layout-constrained wp-block-group-is-layout-constrained\">\n<div class=\"wp-block-columns is-layout-flex wp-container-core-columns-is-layout-9d6595d7 wp-block-columns-is-layout-flex\">\n<div class=\"wp-block-column is-layout-flow wp-block-column-is-layout-flow\" style=\"flex-basis:66.66%\">\n<figure class=\"wp-block-image size-large\"><img loading=\"lazy\" decoding=\"async\" width=\"797\" height=\"1024\" src=\"https:\/\/www.sergioperal.com\/wp-content\/uploads\/2024\/06\/Como-fue-el-big-bang-del-cine.-Tino-Pertierra_page--797x1024.jpg\" alt=\"\" class=\"wp-image-1589\" srcset=\"https:\/\/www.sergioperal.com\/wp-content\/uploads\/2024\/06\/Como-fue-el-big-bang-del-cine.-Tino-Pertierra_page--797x1024.jpg 797w, https:\/\/www.sergioperal.com\/wp-content\/uploads\/2024\/06\/Como-fue-el-big-bang-del-cine.-Tino-Pertierra_page--233x300.jpg 233w, https:\/\/www.sergioperal.com\/wp-content\/uploads\/2024\/06\/Como-fue-el-big-bang-del-cine.-Tino-Pertierra_page--768x987.jpg 768w, https:\/\/www.sergioperal.com\/wp-content\/uploads\/2024\/06\/Como-fue-el-big-bang-del-cine.-Tino-Pertierra_page--1195x1536.jpg 1195w, https:\/\/www.sergioperal.com\/wp-content\/uploads\/2024\/06\/Como-fue-el-big-bang-del-cine.-Tino-Pertierra_page--1594x2048.jpg 1594w, https:\/\/www.sergioperal.com\/wp-content\/uploads\/2024\/06\/Como-fue-el-big-bang-del-cine.-Tino-Pertierra_page--2000x2570.jpg 2000w, https:\/\/www.sergioperal.com\/wp-content\/uploads\/2024\/06\/Como-fue-el-big-bang-del-cine.-Tino-Pertierra_page--1800x2313.jpg 1800w, https:\/\/www.sergioperal.com\/wp-content\/uploads\/2024\/06\/Como-fue-el-big-bang-del-cine.-Tino-Pertierra_page--scaled.jpg 1992w\" sizes=\"auto, (max-width: 797px) 100vw, 797px\" \/><\/figure>\n<\/div>\n\n\n\n<div class=\"wp-block-column is-layout-flow wp-block-column-is-layout-flow\" style=\"flex-basis:33.33%\">\n<p><\/p>\n\n\n\n<p style=\"font-size:14px\"><strong>C\u00d3MO FUE EL \u00abBIG BANG\u00bb DEL CINE <\/strong><\/p>\n\n\n\n<p><\/p>\n\n\n\n<p>Tino Pertierra hace un an\u00e1lisis del libro <em>Kubrick total: C\u00f3mo cambi\u00f3 el rumbo del cine de Hollywood<\/em> de Sergio Peral, dentro de la secci\u00f3n Cultura del Suplemento de La Nueva Espa\u00f1a. 9 de mayo de 2024<\/p>\n<\/div>\n<\/div>\n<\/div><\/div>\n\n\n\n<div data-wp-interactive=\"core\/file\" class=\"wp-block-file\"><object data-wp-bind--hidden=\"!state.hasPdfPreview\" hidden class=\"wp-block-file__embed\" data=\"https:\/\/www.sergioperal.com\/wp-content\/uploads\/2024\/06\/Como-fue-el-big-bang-del-cine.-Tino-Pertierra.pdf\" type=\"application\/pdf\" style=\"width:100%;height:600px\" aria-label=\"Incrustado de Como-fue-el-big-bang-del-cine.-Tino-Pertierra.\"><\/object><a id=\"wp-block-file--media-4356a3e1-08f0-4847-a7c3-d7dae61cbded\" href=\"https:\/\/www.sergioperal.com\/wp-content\/uploads\/2024\/06\/Como-fue-el-big-bang-del-cine.-Tino-Pertierra.pdf\">Como-fue-el-big-bang-del-cine.-Tino-Pertierra<\/a><a href=\"https:\/\/www.sergioperal.com\/wp-content\/uploads\/2024\/06\/Como-fue-el-big-bang-del-cine.-Tino-Pertierra.pdf\" class=\"wp-block-file__button wp-element-button\" download aria-describedby=\"wp-block-file--media-4356a3e1-08f0-4847-a7c3-d7dae61cbded\">Descarga<\/a><\/div>\n\n\n\n\n\n<p><\/p>\n","protected":false},"excerpt":{"rendered":"<p>C\u00d3MO FUE EL \u00abBIG BANG\u00bb DEL CINE Tino Pertierra hace un an\u00e1lisis del libro Kubrick total: C\u00f3mo cambi\u00f3 el rumbo del cine de Hollywood de Sergio Peral, dentro de la secci\u00f3n Cultura del Suplemento de La Nueva Espa\u00f1a. 9 de mayo de 2024<\/p>\n","protected":false},"author":1,"featured_media":0,"parent":0,"menu_order":0,"comment_status":"closed","ping_status":"closed","template":"","meta":{"footnotes":""},"class_list":["post-1565","page","type-page","status-publish","hentry"],"_links":{"self":[{"href":"https:\/\/www.sergioperal.com\/index.php\/wp-json\/wp\/v2\/pages\/1565","targetHints":{"allow":["GET"]}}],"collection":[{"href":"https:\/\/www.sergioperal.com\/index.php\/wp-json\/wp\/v2\/pages"}],"about":[{"href":"https:\/\/www.sergioperal.com\/index.php\/wp-json\/wp\/v2\/types\/page"}],"author":[{"embeddable":true,"href":"https:\/\/www.sergioperal.com\/index.php\/wp-json\/wp\/v2\/users\/1"}],"replies":[{"embeddable":true,"href":"https:\/\/www.sergioperal.com\/index.php\/wp-json\/wp\/v2\/comments?post=1565"}],"version-history":[{"count":18,"href":"https:\/\/www.sergioperal.com\/index.php\/wp-json\/wp\/v2\/pages\/1565\/revisions"}],"predecessor-version":[{"id":1597,"href":"https:\/\/www.sergioperal.com\/index.php\/wp-json\/wp\/v2\/pages\/1565\/revisions\/1597"}],"wp:attachment":[{"href":"https:\/\/www.sergioperal.com\/index.php\/wp-json\/wp\/v2\/media?parent=1565"}],"curies":[{"name":"wp","href":"https:\/\/api.w.org\/{rel}","templated":true}]}}