{"id":1420,"date":"2023-06-06T10:36:57","date_gmt":"2023-06-06T10:36:57","guid":{"rendered":"https:\/\/www.sergioperal.com\/?page_id=1420"},"modified":"2025-10-19T18:30:06","modified_gmt":"2025-10-19T18:30:06","slug":"n-o-t-i-c-i-a-s-2","status":"publish","type":"page","link":"https:\/\/www.sergioperal.com\/index.php\/n-o-t-i-c-i-a-s-2\/","title":{"rendered":"N o t i c i a s"},"content":{"rendered":"\n<div class=\"wp-block-columns is-layout-flex wp-container-core-columns-is-layout-9d6595d7 wp-block-columns-is-layout-flex\">\n<div class=\"wp-block-column is-layout-flow wp-block-column-is-layout-flow\">\n<figure class=\"wp-block-image size-large\"><a href=\"https:\/\/drive.google.com\/file\/d\/1UNB3o5RzZaQlIgxsgtTrDTATv5I8_iGH\/view\"><img loading=\"lazy\" decoding=\"async\" width=\"768\" height=\"1024\" src=\"https:\/\/www.sergioperal.com\/wp-content\/uploads\/2023\/06\/IMG-20230604-WA0006-768x1024.jpg\" alt=\"\" class=\"wp-image-1421\" srcset=\"https:\/\/www.sergioperal.com\/wp-content\/uploads\/2023\/06\/IMG-20230604-WA0006-768x1024.jpg 768w, https:\/\/www.sergioperal.com\/wp-content\/uploads\/2023\/06\/IMG-20230604-WA0006-225x300.jpg 225w, https:\/\/www.sergioperal.com\/wp-content\/uploads\/2023\/06\/IMG-20230604-WA0006-1152x1536.jpg 1152w, https:\/\/www.sergioperal.com\/wp-content\/uploads\/2023\/06\/IMG-20230604-WA0006.jpg 1536w\" sizes=\"auto, (max-width: 768px) 100vw, 768px\" \/><\/a><\/figure>\n\n\n\n<figure class=\"wp-block-image size-large\"><img loading=\"lazy\" decoding=\"async\" width=\"461\" height=\"1024\" src=\"https:\/\/www.sergioperal.com\/wp-content\/uploads\/2023\/06\/Screenshot_2023-06-06-17-03-54-67_40deb401b9ffe8e1df2f1cc5ba480b12-1-461x1024.jpg\" alt=\"\" class=\"wp-image-1447\" srcset=\"https:\/\/www.sergioperal.com\/wp-content\/uploads\/2023\/06\/Screenshot_2023-06-06-17-03-54-67_40deb401b9ffe8e1df2f1cc5ba480b12-1-461x1024.jpg 461w, https:\/\/www.sergioperal.com\/wp-content\/uploads\/2023\/06\/Screenshot_2023-06-06-17-03-54-67_40deb401b9ffe8e1df2f1cc5ba480b12-1-135x300.jpg 135w, https:\/\/www.sergioperal.com\/wp-content\/uploads\/2023\/06\/Screenshot_2023-06-06-17-03-54-67_40deb401b9ffe8e1df2f1cc5ba480b12-1-691x1536.jpg 691w, https:\/\/www.sergioperal.com\/wp-content\/uploads\/2023\/06\/Screenshot_2023-06-06-17-03-54-67_40deb401b9ffe8e1df2f1cc5ba480b12-1.jpg 720w\" sizes=\"auto, (max-width: 461px) 100vw, 461px\" \/><\/figure>\n\n\n\n<figure class=\"wp-block-image size-large\"><img loading=\"lazy\" decoding=\"async\" width=\"461\" height=\"1024\" src=\"https:\/\/www.sergioperal.com\/wp-content\/uploads\/2023\/06\/Screenshot_2023-06-04-19-50-33-84_40deb401b9ffe8e1df2f1cc5ba480b12-461x1024.jpg\" alt=\"\" class=\"wp-image-1425\" srcset=\"https:\/\/www.sergioperal.com\/wp-content\/uploads\/2023\/06\/Screenshot_2023-06-04-19-50-33-84_40deb401b9ffe8e1df2f1cc5ba480b12-461x1024.jpg 461w, https:\/\/www.sergioperal.com\/wp-content\/uploads\/2023\/06\/Screenshot_2023-06-04-19-50-33-84_40deb401b9ffe8e1df2f1cc5ba480b12-135x300.jpg 135w, https:\/\/www.sergioperal.com\/wp-content\/uploads\/2023\/06\/Screenshot_2023-06-04-19-50-33-84_40deb401b9ffe8e1df2f1cc5ba480b12-691x1536.jpg 691w, https:\/\/www.sergioperal.com\/wp-content\/uploads\/2023\/06\/Screenshot_2023-06-04-19-50-33-84_40deb401b9ffe8e1df2f1cc5ba480b12.jpg 720w\" sizes=\"auto, (max-width: 461px) 100vw, 461px\" \/><\/figure>\n\n\n\n<figure class=\"wp-block-image size-full is-resized\"><img loading=\"lazy\" decoding=\"async\" width=\"699\" height=\"932\" src=\"https:\/\/www.sergioperal.com\/wp-content\/uploads\/2023\/06\/IMG_20230606_121142-1.jpg\" alt=\"\" class=\"wp-image-1428\" style=\"width:459px;height:612px\" srcset=\"https:\/\/www.sergioperal.com\/wp-content\/uploads\/2023\/06\/IMG_20230606_121142-1.jpg 699w, https:\/\/www.sergioperal.com\/wp-content\/uploads\/2023\/06\/IMG_20230606_121142-1-225x300.jpg 225w\" sizes=\"auto, (max-width: 699px) 100vw, 699px\" \/><\/figure>\n<\/div>\n\n\n\n<div class=\"wp-block-column is-layout-flow wp-block-column-is-layout-flow\">\n<p>S.M. la Reina de Espa\u00f1a, D.\u00aa Letizia Ortiz, se interes\u00f3 y compr\u00f3, seg\u00fan informaron los diarios El Espa\u00f1ol, El confidencial, El plural, El Huffpost y El economista (entre otros medios de comunicaci\u00f3n de tirada nacional), el libro <em>Kubrick total <\/em>de<strong> Sergio Peral<\/strong> en la Feria de libro de Madrid, el pasado 31 de mayo (2023); tambi\u00e9n adquiri\u00f3 <em>El uso de la foto<\/em> de<strong> <\/strong>la Premio Nobel <strong>Annie Ernaux<\/strong> y\u00a0<em>El paseo<\/em> de <strong>Robert Walser<\/strong>, uno de los escritores en lengua alemana m\u00e1s importantes del siglo XX. Se hicieron ecos de la noticia, del mismo modo, RTVE a trav\u00e9s del programa <em><a href=\"https:\/\/drive.google.com\/file\/d\/1UNB3o5RzZaQlIgxsgtTrDTATv5I8_iGH\/view\" data-type=\"URL\" data-id=\"https:\/\/drive.google.com\/file\/d\/1UNB3o5RzZaQlIgxsgtTrDTATv5I8_iGH\/view\">Culturas 2<\/a><\/em>, los diarios El mundo y La raz\u00f3n, y la agencia de noticias Europa Press.<\/p>\n\n\n\n<figure class=\"wp-block-image size-large\"><img loading=\"lazy\" decoding=\"async\" width=\"461\" height=\"1024\" src=\"https:\/\/www.sergioperal.com\/wp-content\/uploads\/2023\/06\/Screenshot_2023-06-04-19-42-52-47_40deb401b9ffe8e1df2f1cc5ba480b12-461x1024.jpg\" alt=\"\" class=\"wp-image-1422\" srcset=\"https:\/\/www.sergioperal.com\/wp-content\/uploads\/2023\/06\/Screenshot_2023-06-04-19-42-52-47_40deb401b9ffe8e1df2f1cc5ba480b12-461x1024.jpg 461w, https:\/\/www.sergioperal.com\/wp-content\/uploads\/2023\/06\/Screenshot_2023-06-04-19-42-52-47_40deb401b9ffe8e1df2f1cc5ba480b12-135x300.jpg 135w, https:\/\/www.sergioperal.com\/wp-content\/uploads\/2023\/06\/Screenshot_2023-06-04-19-42-52-47_40deb401b9ffe8e1df2f1cc5ba480b12-691x1536.jpg 691w, https:\/\/www.sergioperal.com\/wp-content\/uploads\/2023\/06\/Screenshot_2023-06-04-19-42-52-47_40deb401b9ffe8e1df2f1cc5ba480b12.jpg 720w\" sizes=\"auto, (max-width: 461px) 100vw, 461px\" \/><\/figure>\n\n\n\n<figure class=\"wp-block-image size-large\"><img loading=\"lazy\" decoding=\"async\" width=\"461\" height=\"1024\" src=\"https:\/\/www.sergioperal.com\/wp-content\/uploads\/2023\/06\/Screenshot_2023-06-04-19-02-44-71_40deb401b9ffe8e1df2f1cc5ba480b12-461x1024.jpg\" alt=\"\" class=\"wp-image-1424\" srcset=\"https:\/\/www.sergioperal.com\/wp-content\/uploads\/2023\/06\/Screenshot_2023-06-04-19-02-44-71_40deb401b9ffe8e1df2f1cc5ba480b12-461x1024.jpg 461w, https:\/\/www.sergioperal.com\/wp-content\/uploads\/2023\/06\/Screenshot_2023-06-04-19-02-44-71_40deb401b9ffe8e1df2f1cc5ba480b12-135x300.jpg 135w, https:\/\/www.sergioperal.com\/wp-content\/uploads\/2023\/06\/Screenshot_2023-06-04-19-02-44-71_40deb401b9ffe8e1df2f1cc5ba480b12-691x1536.jpg 691w, https:\/\/www.sergioperal.com\/wp-content\/uploads\/2023\/06\/Screenshot_2023-06-04-19-02-44-71_40deb401b9ffe8e1df2f1cc5ba480b12.jpg 720w\" sizes=\"auto, (max-width: 461px) 100vw, 461px\" \/><\/figure>\n\n\n\n<figure class=\"wp-block-image size-large\"><img loading=\"lazy\" decoding=\"async\" width=\"461\" height=\"1024\" src=\"https:\/\/www.sergioperal.com\/wp-content\/uploads\/2023\/06\/Screenshot_2023-06-04-20-22-10-42_40deb401b9ffe8e1df2f1cc5ba480b12-461x1024.jpg\" alt=\"\" class=\"wp-image-1427\" srcset=\"https:\/\/www.sergioperal.com\/wp-content\/uploads\/2023\/06\/Screenshot_2023-06-04-20-22-10-42_40deb401b9ffe8e1df2f1cc5ba480b12-461x1024.jpg 461w, https:\/\/www.sergioperal.com\/wp-content\/uploads\/2023\/06\/Screenshot_2023-06-04-20-22-10-42_40deb401b9ffe8e1df2f1cc5ba480b12-135x300.jpg 135w, https:\/\/www.sergioperal.com\/wp-content\/uploads\/2023\/06\/Screenshot_2023-06-04-20-22-10-42_40deb401b9ffe8e1df2f1cc5ba480b12-691x1536.jpg 691w, https:\/\/www.sergioperal.com\/wp-content\/uploads\/2023\/06\/Screenshot_2023-06-04-20-22-10-42_40deb401b9ffe8e1df2f1cc5ba480b12.jpg 720w\" sizes=\"auto, (max-width: 461px) 100vw, 461px\" \/><\/figure>\n<\/div>\n<\/div>\n","protected":false},"excerpt":{"rendered":"<p>S.M. la Reina de Espa\u00f1a, D.\u00aa Letizia Ortiz, se interes\u00f3 y compr\u00f3, seg\u00fan informaron los diarios El Espa\u00f1ol, El confidencial, El plural, El Huffpost y El economista (entre otros medios de comunicaci\u00f3n de tirada nacional), el libro Kubrick total de Sergio Peral en la Feria de libro de Madrid, el pasado 31 de mayo (2023); &hellip; <\/p>\n<p class=\"link-more\"><a href=\"https:\/\/www.sergioperal.com\/index.php\/n-o-t-i-c-i-a-s-2\/\" class=\"more-link\">Leer m\u00e1s<span class=\"screen-reader-text\"> \u00abN o t i c i a s\u00bb<\/span><\/a><\/p>\n","protected":false},"author":1,"featured_media":0,"parent":0,"menu_order":0,"comment_status":"closed","ping_status":"closed","template":"","meta":{"footnotes":""},"class_list":["post-1420","page","type-page","status-publish","hentry"],"_links":{"self":[{"href":"https:\/\/www.sergioperal.com\/index.php\/wp-json\/wp\/v2\/pages\/1420","targetHints":{"allow":["GET"]}}],"collection":[{"href":"https:\/\/www.sergioperal.com\/index.php\/wp-json\/wp\/v2\/pages"}],"about":[{"href":"https:\/\/www.sergioperal.com\/index.php\/wp-json\/wp\/v2\/types\/page"}],"author":[{"embeddable":true,"href":"https:\/\/www.sergioperal.com\/index.php\/wp-json\/wp\/v2\/users\/1"}],"replies":[{"embeddable":true,"href":"https:\/\/www.sergioperal.com\/index.php\/wp-json\/wp\/v2\/comments?post=1420"}],"version-history":[{"count":25,"href":"https:\/\/www.sergioperal.com\/index.php\/wp-json\/wp\/v2\/pages\/1420\/revisions"}],"predecessor-version":[{"id":1758,"href":"https:\/\/www.sergioperal.com\/index.php\/wp-json\/wp\/v2\/pages\/1420\/revisions\/1758"}],"wp:attachment":[{"href":"https:\/\/www.sergioperal.com\/index.php\/wp-json\/wp\/v2\/media?parent=1420"}],"curies":[{"name":"wp","href":"https:\/\/api.w.org\/{rel}","templated":true}]}}