{"id":1363,"date":"2023-04-25T16:09:10","date_gmt":"2023-04-25T16:09:10","guid":{"rendered":"https:\/\/www.sergioperal.com\/?page_id=1363"},"modified":"2023-06-10T18:26:56","modified_gmt":"2023-06-10T18:26:56","slug":"p-u-b-l-i-c-a-c-i-o-n-e-s","status":"publish","type":"page","link":"https:\/\/www.sergioperal.com\/index.php\/p-u-b-l-i-c-a-c-i-o-n-e-s\/","title":{"rendered":"P u b l i c a c i o n e s"},"content":{"rendered":"\n<figure class=\"wp-block-image size-large\"><img loading=\"lazy\" decoding=\"async\" width=\"1024\" height=\"456\" src=\"https:\/\/www.sergioperal.com\/wp-content\/uploads\/2023\/04\/9788418388835_CUBIERTA_KUBRICK_TOTAL._DE_PSPICOSIS_A_STAR_WARS_page-0001-1024x456.jpg\" alt=\"\" class=\"wp-image-1364\" srcset=\"https:\/\/www.sergioperal.com\/wp-content\/uploads\/2023\/04\/9788418388835_CUBIERTA_KUBRICK_TOTAL._DE_PSPICOSIS_A_STAR_WARS_page-0001-1024x456.jpg 1024w, https:\/\/www.sergioperal.com\/wp-content\/uploads\/2023\/04\/9788418388835_CUBIERTA_KUBRICK_TOTAL._DE_PSPICOSIS_A_STAR_WARS_page-0001-300x134.jpg 300w, https:\/\/www.sergioperal.com\/wp-content\/uploads\/2023\/04\/9788418388835_CUBIERTA_KUBRICK_TOTAL._DE_PSPICOSIS_A_STAR_WARS_page-0001-768x342.jpg 768w, https:\/\/www.sergioperal.com\/wp-content\/uploads\/2023\/04\/9788418388835_CUBIERTA_KUBRICK_TOTAL._DE_PSPICOSIS_A_STAR_WARS_page-0001-1536x684.jpg 1536w, https:\/\/www.sergioperal.com\/wp-content\/uploads\/2023\/04\/9788418388835_CUBIERTA_KUBRICK_TOTAL._DE_PSPICOSIS_A_STAR_WARS_page-0001-2048x913.jpg 2048w, https:\/\/www.sergioperal.com\/wp-content\/uploads\/2023\/04\/9788418388835_CUBIERTA_KUBRICK_TOTAL._DE_PSPICOSIS_A_STAR_WARS_page-0001-2000x891.jpg 2000w, https:\/\/www.sergioperal.com\/wp-content\/uploads\/2023\/04\/9788418388835_CUBIERTA_KUBRICK_TOTAL._DE_PSPICOSIS_A_STAR_WARS_page-0001-1800x802.jpg 1800w\" sizes=\"auto, (max-width: 1024px) 100vw, 1024px\" \/><\/figure>\n\n\n\n<p>KUBRICK TOTAL: C\u00d3MO CAMBIO EL RUMBO DEL CINE DE HOLLYWOOD<\/p>\n\n\n\n<p>S\u00edlex Ediciones, Madrid, 2023<\/p>\n\n\n\n<p>Kubrick total: C\u00f3mo cambi\u00f3 el rumbo del cine de Hollywood es el primer libro publicado por Sergio Peral con la prestigiosa editorial S\u00edlex Ediciones, una de las treinta y ocho mejores editoriales espa\u00f1olas seg\u00fan el SPI de 2018. Se trata de un viaje a trav\u00e9s de la historia del cine americano y la filmograf\u00eda del cineasta del Bronx, cuyos caminos se cruzan de manera crucial con el estreno de 2001: una odisea del espacio en 1968, influyendo definitivamente en el cine mainstream y repercutiendo, a partir de las teor\u00edas del soci\u00f3logo israel\u00ed Yuval Noah Harari, sobre el imaginario colectivo global.<\/p>\n\n\n\n<p>El libro se encuentra a la venta en las plataformas digitales, grandes superficies y librer\u00edas m\u00e1s importantes.<\/p>\n","protected":false},"excerpt":{"rendered":"<p>KUBRICK TOTAL: C\u00d3MO CAMBIO EL RUMBO DEL CINE DE HOLLYWOOD S\u00edlex Ediciones, Madrid, 2023 Kubrick total: C\u00f3mo cambi\u00f3 el rumbo del cine de Hollywood es el primer libro publicado por Sergio Peral con la prestigiosa editorial S\u00edlex Ediciones, una de las treinta y ocho mejores editoriales espa\u00f1olas seg\u00fan el SPI de 2018. Se trata de &hellip; <\/p>\n<p class=\"link-more\"><a href=\"https:\/\/www.sergioperal.com\/index.php\/p-u-b-l-i-c-a-c-i-o-n-e-s\/\" class=\"more-link\">Leer m\u00e1s<span class=\"screen-reader-text\"> \u00abP u b l i c a c i o n e s\u00bb<\/span><\/a><\/p>\n","protected":false},"author":1,"featured_media":0,"parent":0,"menu_order":0,"comment_status":"closed","ping_status":"closed","template":"","meta":{"footnotes":""},"class_list":["post-1363","page","type-page","status-publish","hentry"],"_links":{"self":[{"href":"https:\/\/www.sergioperal.com\/index.php\/wp-json\/wp\/v2\/pages\/1363","targetHints":{"allow":["GET"]}}],"collection":[{"href":"https:\/\/www.sergioperal.com\/index.php\/wp-json\/wp\/v2\/pages"}],"about":[{"href":"https:\/\/www.sergioperal.com\/index.php\/wp-json\/wp\/v2\/types\/page"}],"author":[{"embeddable":true,"href":"https:\/\/www.sergioperal.com\/index.php\/wp-json\/wp\/v2\/users\/1"}],"replies":[{"embeddable":true,"href":"https:\/\/www.sergioperal.com\/index.php\/wp-json\/wp\/v2\/comments?post=1363"}],"version-history":[{"count":13,"href":"https:\/\/www.sergioperal.com\/index.php\/wp-json\/wp\/v2\/pages\/1363\/revisions"}],"predecessor-version":[{"id":1455,"href":"https:\/\/www.sergioperal.com\/index.php\/wp-json\/wp\/v2\/pages\/1363\/revisions\/1455"}],"wp:attachment":[{"href":"https:\/\/www.sergioperal.com\/index.php\/wp-json\/wp\/v2\/media?parent=1363"}],"curies":[{"name":"wp","href":"https:\/\/api.w.org\/{rel}","templated":true}]}}