{"id":1361,"date":"2024-10-16T11:54:03","date_gmt":"2024-10-16T11:54:03","guid":{"rendered":"https:\/\/www.sergioperal.com\/?page_id=1361"},"modified":"2025-04-14T11:32:34","modified_gmt":"2025-04-14T11:32:34","slug":"n-o-t-i-c-i-a-s-4","status":"publish","type":"page","link":"https:\/\/www.sergioperal.com\/index.php\/n-o-t-i-c-i-a-s-4\/","title":{"rendered":"N o t i c i a s"},"content":{"rendered":"\n<div class=\"wp-block-media-text is-stacked-on-mobile\" style=\"grid-template-columns:58% auto\"><figure class=\"wp-block-media-text__media\"><img loading=\"lazy\" decoding=\"async\" width=\"788\" height=\"1024\" src=\"https:\/\/www.sergioperal.com\/wp-content\/uploads\/2025\/04\/poster_ok_471K5-10mb5-788x1024.jpg\" alt=\"\" class=\"wp-image-1707 size-full\" srcset=\"https:\/\/www.sergioperal.com\/wp-content\/uploads\/2025\/04\/poster_ok_471K5-10mb5-788x1024.jpg 788w, https:\/\/www.sergioperal.com\/wp-content\/uploads\/2025\/04\/poster_ok_471K5-10mb5-231x300.jpg 231w, https:\/\/www.sergioperal.com\/wp-content\/uploads\/2025\/04\/poster_ok_471K5-10mb5-768x997.jpg 768w, https:\/\/www.sergioperal.com\/wp-content\/uploads\/2025\/04\/poster_ok_471K5-10mb5-1183x1536.jpg 1183w, https:\/\/www.sergioperal.com\/wp-content\/uploads\/2025\/04\/poster_ok_471K5-10mb5-1577x2048.jpg 1577w, https:\/\/www.sergioperal.com\/wp-content\/uploads\/2025\/04\/poster_ok_471K5-10mb5-2000x2598.jpg 2000w, https:\/\/www.sergioperal.com\/wp-content\/uploads\/2025\/04\/poster_ok_471K5-10mb5-1800x2338.jpg 1800w, https:\/\/www.sergioperal.com\/wp-content\/uploads\/2025\/04\/poster_ok_471K5-10mb5-scaled.jpg 1971w\" sizes=\"auto, (max-width: 788px) 100vw, 788px\" \/><\/figure><div class=\"wp-block-media-text__content\">\n<h2 class=\"wp-block-heading has-small-font-size\"><strong>KILLER 19-C MENCI\u00d3N ESPECIAL DEL FESTIVAL EN EL 13th DELHI SHORTS INTERNATIONAL FILM FESTIVAL-2024<\/strong>, EN EL 12th NOIDA INTERNATIONAL FILM FESTIVAL-2025 Y EN EL 9th INDIAN WORLD FILM FESTIVAL-2025<\/h2>\n\n\n\n<p>El nuevo proyecto en cine HD Killer 19-C, dirigido por Sergio Peral, consigui\u00f3 la Menci\u00f3n Especial del Festival \u2014tras haber sido seleccionado en la Secci\u00f3n Oficial\u2014, de tres de los festivales de cortos m\u00e1s importantes de la India: la 13 Edici\u00f3n del Festival Internacional de Cortos de Nueva Delhi, la 12 Edici\u00f3n del Festival Internacional de Noida y el 9th Indian World Film Festival. La Premi\u00e8re mundial del cortometraje fue el 20 de octubre del pasado 2024. Por otro lado, el cortometraje tambi\u00e9n ha sido elegido en la Selecci\u00f3n Oficial del Ljubljana International Short Film Festival LISFF &#8211; Europanorama 2024-2025; la selecci\u00f3n ser\u00e1 proyectada en varias ciudades de Europa incluida la capital eslovena. Del mismo modo, la pieza tambi\u00e9n ha sido Seleccionada Oficialmente en otros dos festivales internacionales de cine: el Rieti e Sabina Film Festival 2024 que se celebra en Italia, y la 14 Edici\u00f3n del Festival Internacional de Cortos de Mumbai<\/p>\n\n\n\n<p><\/p>\n<\/div><\/div>\n\n\n\n<p><\/p>\n","protected":false},"excerpt":{"rendered":"<p>KILLER 19-C MENCI\u00d3N ESPECIAL DEL FESTIVAL EN EL 13th DELHI SHORTS INTERNATIONAL FILM FESTIVAL-2024, EN EL 12th NOIDA INTERNATIONAL FILM FESTIVAL-2025 Y EN EL 9th INDIAN WORLD FILM FESTIVAL-2025 El nuevo proyecto en cine HD Killer 19-C, dirigido por Sergio Peral, consigui\u00f3 la Menci\u00f3n Especial del Festival \u2014tras haber sido seleccionado en la Secci\u00f3n Oficial\u2014, &hellip; <\/p>\n<p class=\"link-more\"><a href=\"https:\/\/www.sergioperal.com\/index.php\/n-o-t-i-c-i-a-s-4\/\" class=\"more-link\">Leer m\u00e1s<span class=\"screen-reader-text\"> \u00abN o t i c i a s\u00bb<\/span><\/a><\/p>\n","protected":false},"author":1,"featured_media":0,"parent":0,"menu_order":0,"comment_status":"closed","ping_status":"closed","template":"","meta":{"footnotes":""},"class_list":["post-1361","page","type-page","status-publish","hentry"],"_links":{"self":[{"href":"https:\/\/www.sergioperal.com\/index.php\/wp-json\/wp\/v2\/pages\/1361","targetHints":{"allow":["GET"]}}],"collection":[{"href":"https:\/\/www.sergioperal.com\/index.php\/wp-json\/wp\/v2\/pages"}],"about":[{"href":"https:\/\/www.sergioperal.com\/index.php\/wp-json\/wp\/v2\/types\/page"}],"author":[{"embeddable":true,"href":"https:\/\/www.sergioperal.com\/index.php\/wp-json\/wp\/v2\/users\/1"}],"replies":[{"embeddable":true,"href":"https:\/\/www.sergioperal.com\/index.php\/wp-json\/wp\/v2\/comments?post=1361"}],"version-history":[{"count":31,"href":"https:\/\/www.sergioperal.com\/index.php\/wp-json\/wp\/v2\/pages\/1361\/revisions"}],"predecessor-version":[{"id":1708,"href":"https:\/\/www.sergioperal.com\/index.php\/wp-json\/wp\/v2\/pages\/1361\/revisions\/1708"}],"wp:attachment":[{"href":"https:\/\/www.sergioperal.com\/index.php\/wp-json\/wp\/v2\/media?parent=1361"}],"curies":[{"name":"wp","href":"https:\/\/api.w.org\/{rel}","templated":true}]}}